{"id":152,"date":"2026-04-13T14:35:19","date_gmt":"2026-04-13T12:35:19","guid":{"rendered":"https:\/\/www.rdvbox.net\/?page_id=152"},"modified":"2026-04-13T14:35:19","modified_gmt":"2026-04-13T12:35:19","slug":"contact","status":"publish","type":"page","link":"https:\/\/www.rdvbox.net\/?page_id=152","title":{"rendered":"Contact"},"content":{"rendered":"\n<p>Vous voulez en savoir plus sur Rdvbox ? Contactez-nous d\u00e8s aujourd&rsquo;hui pour une d\u00e9monstration gratuite de notre outil. Simplifiez votre vie professionnelle d\u00e8s maintenant avec Rdvbox.<\/p>\n\n\n\n<p><a href=\"tel:0387648888\">03 87 65 88 88<\/a><\/p>\n\n\n\n<p><a href=\"mailto:contact@rdvbox.com\">contact@rdvbox.com<\/a><\/p>\n\n\n\n<p><a href=\"https:\/\/maps.google.com\/maps?q=31+rue+Saint-Pierre,+57000+Metz\" target=\"_blank\" rel=\"noreferrer noopener\">31 Rue Saint-Pierre, 57000 Metz<\/a><\/p>\n\n\n\n<p><\/p>\n","protected":false},"excerpt":{"rendered":"<p>Vous voulez en savoir plus sur Rdvbox ? Contactez-nous d\u00e8s aujourd&rsquo;hui pour une d\u00e9monstration gratuite de notre outil. Simplifiez votre vie professionnelle d\u00e8s maintenant avec Rdvbox. 03 87 65 88 88 contact@rdvbox.com 31 Rue Saint-Pierre, 57000 Metz<\/p>\n","protected":false},"author":1,"featured_media":0,"parent":0,"menu_order":0,"comment_status":"closed","ping_status":"closed","template":"","meta":{"footnotes":""},"class_list":["post-152","page","type-page","status-publish","hentry"],"_links":{"self":[{"href":"https:\/\/www.rdvbox.net\/index.php?rest_route=\/wp\/v2\/pages\/152","targetHints":{"allow":["GET"]}}],"collection":[{"href":"https:\/\/www.rdvbox.net\/index.php?rest_route=\/wp\/v2\/pages"}],"about":[{"href":"https:\/\/www.rdvbox.net\/index.php?rest_route=\/wp\/v2\/types\/page"}],"author":[{"embeddable":true,"href":"https:\/\/www.rdvbox.net\/index.php?rest_route=\/wp\/v2\/users\/1"}],"replies":[{"embeddable":true,"href":"https:\/\/www.rdvbox.net\/index.php?rest_route=%2Fwp%2Fv2%2Fcomments&post=152"}],"version-history":[{"count":1,"href":"https:\/\/www.rdvbox.net\/index.php?rest_route=\/wp\/v2\/pages\/152\/revisions"}],"predecessor-version":[{"id":153,"href":"https:\/\/www.rdvbox.net\/index.php?rest_route=\/wp\/v2\/pages\/152\/revisions\/153"}],"wp:attachment":[{"href":"https:\/\/www.rdvbox.net\/index.php?rest_route=%2Fwp%2Fv2%2Fmedia&parent=152"}],"curies":[{"name":"wp","href":"https:\/\/api.w.org\/{rel}","templated":true}]}}