{"id":148,"date":"2026-04-13T14:33:54","date_gmt":"2026-04-13T12:33:54","guid":{"rendered":"https:\/\/www.rdvbox.net\/?page_id=148"},"modified":"2026-04-13T14:33:54","modified_gmt":"2026-04-13T12:33:54","slug":"agenda-en-ligne","status":"publish","type":"page","link":"https:\/\/www.rdvbox.net\/?page_id=148","title":{"rendered":"Agenda en ligne"},"content":{"rendered":"\n<h1 class=\"wp-block-heading\">Notre Agenda en ligne.<\/h1>\n\n\n\n<h2 class=\"wp-block-heading\">Optimisez votre productivit\u00e9 et offrez un service de qualit\u00e9 avec notre solution d&rsquo;agenda en ligne. Simplifiez la prise de rendez-vous, g\u00e9rez votre emploi du temps efficacement et am\u00e9liorez votre exp\u00e9rience client gr\u00e2ce \u00e0 notre t\u00e9l\u00e9secr\u00e9tariat fiable et professionnel.<\/h2>\n\n\n\n<h5 class=\"wp-block-heading\">Agenda en ligne<\/h5>\n\n\n\n<h3 class=\"wp-block-heading\">Simplifiez la gestion de vos rendez-vous.<\/h3>\n\n\n\n<p>Avec notre solution d&rsquo;agenda en ligne RDVBOX, notre mission est de vous faciliter la vie en simplifiant la gestion de vos rendez-vous. Profitez de fonctionnalit\u00e9s avanc\u00e9es pour optimiser votre emploi du temps et offrir un service client de qualit\u00e9.<\/p>\n\n\n\n<h6 class=\"wp-block-heading\">Agenda en ligne<\/h6>\n\n\n\n<h6 class=\"wp-block-heading\">Gestion du temps<\/h6>\n\n\n\n<h6 class=\"wp-block-heading\">Acc\u00e8s facile<\/h6>\n\n\n\n<h6 class=\"wp-block-heading\">Personnalisation<\/h6>\n\n\n\n<h3 class=\"wp-block-heading\">Facilitez la gestion de vos rendez-vous<\/h3>\n\n\n\n<p>La gestion de votre emploi du temps peut souvent \u00eatre un d\u00e9fi de taille. La coordination des rendez-vous, la gestion des annulations et des rappels n\u00e9cessitent une organisation rigoureuse et consomment une grande partie de votre temps pr\u00e9cieux. C&rsquo;est l\u00e0 que notre solution d&rsquo;agenda en ligne entre en jeu, vous permettant de simplifier votre vie professionnelle tout en offrant un service de qualit\u00e9 \u00e0 vos clients\/patients.<\/p>\n\n\n\n<p>En utilisant notre solution d&rsquo;agenda en ligne, vous pouvez personnaliser votre emploi du temps en d\u00e9finissant les cr\u00e9neaux horaires disponibles, les dur\u00e9es de rendez-vous et les services propos\u00e9s. Vous pouvez \u00e9galement envoyer des rappels automatiques \u00e0 vos clients pour \u00e9viter les oublis et les retards.<\/p>\n\n\n\n<figure class=\"wp-block-image is-resized\"><img decoding=\"async\" src=\"https:\/\/rdvbox.com\/images\/avantage-telesecretariat\/Gain-de-temps.png\" alt=\"alternative\" style=\"width:576px;height:auto\"\/><\/figure>\n\n\n\n<h3 class=\"wp-block-heading\">La communication avec vos assistantes est simplifi\u00e9e<\/h3>\n\n\n\n<p>Vous pouvez \u00e9changer facilement des messages via l&rsquo;interface int\u00e9gr\u00e9e, ce qui permet une collaboration fluide et efficace. Que ce soit pour des demandes de pr\u00e9cisions, des instructions sp\u00e9cifiques ou des ajustements de planning, vous pouvez \u00e9changer en temps r\u00e9el pour assurer une coordination optimale.<\/p>\n\n\n\n<p>Agenda en ligne Rdvbox<\/p>\n\n\n\n<h2 class=\"wp-block-heading\">Foire aux questions<\/h2>\n\n\n\n<p>D\u00e9couvrez tout ce que vous devez savoir sur notre Agenda en ligne : les fonctionnalit\u00e9s, les avantages et plus encore.<\/p>\n\n\n\n<h5 class=\"wp-block-heading\"><\/h5>\n\n\n\n<h5 class=\"wp-block-heading\"><\/h5>\n\n\n\n<h5 class=\"wp-block-heading\"><\/h5>\n\n\n\n<h5 class=\"wp-block-heading\"><\/h5>\n\n\n\n<h5 class=\"wp-block-heading\"><\/h5>\n","protected":false},"excerpt":{"rendered":"<p>Notre Agenda en ligne. Optimisez votre productivit\u00e9 et offrez un service de qualit\u00e9 avec notre solution d&rsquo;agenda en ligne. Simplifiez la prise de rendez-vous, g\u00e9rez votre emploi du temps efficacement et am\u00e9liorez votre exp\u00e9rience client gr\u00e2ce \u00e0 notre t\u00e9l\u00e9secr\u00e9tariat fiable et professionnel. Agenda en ligne Simplifiez la gestion de vos rendez-vous. Avec notre solution d&rsquo;agenda&hellip;<\/p>\n","protected":false},"author":1,"featured_media":0,"parent":0,"menu_order":0,"comment_status":"closed","ping_status":"closed","template":"","meta":{"footnotes":""},"class_list":["post-148","page","type-page","status-publish","hentry"],"_links":{"self":[{"href":"https:\/\/www.rdvbox.net\/index.php?rest_route=\/wp\/v2\/pages\/148","targetHints":{"allow":["GET"]}}],"collection":[{"href":"https:\/\/www.rdvbox.net\/index.php?rest_route=\/wp\/v2\/pages"}],"about":[{"href":"https:\/\/www.rdvbox.net\/index.php?rest_route=\/wp\/v2\/types\/page"}],"author":[{"embeddable":true,"href":"https:\/\/www.rdvbox.net\/index.php?rest_route=\/wp\/v2\/users\/1"}],"replies":[{"embeddable":true,"href":"https:\/\/www.rdvbox.net\/index.php?rest_route=%2Fwp%2Fv2%2Fcomments&post=148"}],"version-history":[{"count":1,"href":"https:\/\/www.rdvbox.net\/index.php?rest_route=\/wp\/v2\/pages\/148\/revisions"}],"predecessor-version":[{"id":149,"href":"https:\/\/www.rdvbox.net\/index.php?rest_route=\/wp\/v2\/pages\/148\/revisions\/149"}],"wp:attachment":[{"href":"https:\/\/www.rdvbox.net\/index.php?rest_route=%2Fwp%2Fv2%2Fmedia&parent=148"}],"curies":[{"name":"wp","href":"https:\/\/api.w.org\/{rel}","templated":true}]}}