{"id":146,"date":"2026-04-13T14:32:50","date_gmt":"2026-04-13T12:32:50","guid":{"rendered":"https:\/\/www.rdvbox.net\/?page_id=146"},"modified":"2026-04-13T14:32:50","modified_gmt":"2026-04-13T12:32:50","slug":"profesionnels","status":"publish","type":"page","link":"https:\/\/www.rdvbox.net\/?page_id=146","title":{"rendered":"Profesionnels"},"content":{"rendered":"\n<p>Vous \u00eates un Professionnel ? D\u00e9couvrez les avantages du T\u00e9l\u00e9secr\u00e9tariat pour vous.<\/p>\n\n\n\n<h3 class=\"wp-block-heading\"><br>Pourquoi le t\u00e9l\u00e9secr\u00e9tariat ?<\/h3>\n\n\n\n<p>Le t\u00e9l\u00e9secr\u00e9tariat est un service qui pr\u00e9sente de nombreux avantages pour les professionnels de tous les domaines d&rsquo;activit\u00e9. Que vous soyez m\u00e9decin, avocat, entrepreneur,consultant ou artiste, le t\u00e9l\u00e9secr\u00e9tariat peut am\u00e9liorer consid\u00e9rablement votre efficacit\u00e9 et votre succ\u00e8s professionnel.<\/p>\n\n\n\n<h2 class=\"wp-block-heading\">Les avantages du t\u00e9l\u00e9secr\u00e9tariat<\/h2>\n\n\n\n<p>Optimisez votre accueil t\u00e9l\u00e9phonique et gagnez en qualit\u00e9 de service gr\u00e2ce \u00e0 notre \u00e9quipe de t\u00e9l\u00e9secr\u00e9taires exp\u00e9riment\u00e9es.<\/p>\n\n\n\n<h5 class=\"wp-block-heading\">Gestion des rendez-vous<\/h5>\n\n\n\n<p>Les t\u00e9l\u00e9secr\u00e9taires g\u00e9rent votre agenda professionnel et organisent les rendez-vous, permettant ainsi une meilleure organisation de votre temps de travail.<\/p>\n\n\n\n<h5 class=\"wp-block-heading\">Disponibilit\u00e9 accrue<\/h5>\n\n\n\n<p>Les t\u00e9l\u00e9secr\u00e9taires assurent une disponibilit\u00e9 accrue en r\u00e9pondant \u00e0 vos appels en dehors de vos heures de travail, garantissant ainsi une prise en charge continue de vos clients.<\/p>\n\n\n\n<h5 class=\"wp-block-heading\">Satisfaction des patients<\/h5>\n\n\n\n<p>Gr\u00e2ce \u00e0 la qualit\u00e9 de service sup\u00e9rieure offertes par le t\u00e9l\u00e9secr\u00e9tariat, vos clients b\u00e9n\u00e9ficient d&rsquo;une meilleure exp\u00e9rience et d&rsquo;une prise en charge plus rapide et efficace.<\/p>\n\n\n\n<h5 class=\"wp-block-heading\">Image professionnelle<\/h5>\n\n\n\n<p>Nos t\u00e9l\u00e9secr\u00e9taires sont des professionnels form\u00e9s pour r\u00e9pondre aux appels de vos clients avec courtoisie et efficacit\u00e9.<\/p>\n\n\n\n<h5 class=\"wp-block-heading\">R\u00e9duction des co\u00fbts<\/h5>\n\n\n\n<p>Gr\u00e2ce au t\u00e9l\u00e9secr\u00e9tariat, vous pouvez \u00e9conomiser sur les co\u00fbts de personnel et de formation li\u00e9s \u00e0 l&#8217;embauche d&rsquo;une secr\u00e9taire interne.<\/p>\n\n\n\n<h5 class=\"wp-block-heading\">Augmentation de la productivit\u00e9<\/h5>\n\n\n\n<p>Confiez votre accueil t\u00e9l\u00e9phonique \u00e0 des professionnels pour vous concentrer sur votre m\u00e9tier.<\/p>\n\n\n\n<h3 class=\"wp-block-heading\">Facilitez la gestion de vos rendez-vous avec notre solution<\/h3>\n\n\n\n<p>La gestion de votre emploi du temps peut \u00eatre complexe. La prise de rendez-vous, la gestion des annulations et des rappels exigent une organisation rigoureuse. Avec notre solution, simplifiez votre vie professionnelle et offrez un service de qualit\u00e9 \u00e0 vos clients ou partenaires.<\/p>\n\n\n\n<p>Notre outil a \u00e9t\u00e9 con\u00e7u pour simplifier la prise de rendez-vous et optimiser votre emploi du temps. Vos clients ou partenaires peuvent prendre rendez-vous en ligne 24\/7, \u00e0 partir de leur ordinateur ou de leur smartphone, ce qui facilite la planification et \u00e9vite les conflits d&rsquo;agenda.<\/p>\n\n\n\n<figure class=\"wp-block-image\"><img decoding=\"async\" src=\"https:\/\/rdvbox.com\/images\/header-img\/pexels-mart-production-7709262.jpg\" alt=\"T\u00e9l\u00e9secr\u00e9tariat professionnel Rdvox\"\/><\/figure>\n\n\n\n<h3 class=\"wp-block-heading\">Des rappels automatiques pour \u00e9viter les rendez-vous manqu\u00e9s<\/h3>\n\n\n\n<p>Gr\u00e2ce \u00e0 Rdvbox, les oublis de rendez-vous appartiennent au pass\u00e9. Notre solution envoie des rappels automatiques par SMS ou par email \u00e0 vos clients pour leur rappeler la date et l\u2019heure de leur rendez-vous. Cela permet de r\u00e9duire le taux d\u2019absent\u00e9isme et d\u2019am\u00e9liorer la qualit\u00e9 de votre service.<\/p>\n\n\n\n<h3 class=\"wp-block-heading\">Prenez contact avec nous<\/h3>\n\n\n\n<p>Vous voulez en savoir plus sur Rdvbox ? Contactez-nous d\u00e8s aujourd&rsquo;hui pour une d\u00e9monstration gratuite de notre outil. Simplifiez votre vie professionnelle d\u00e8s maintenant avec Rdvbox.<\/p>\n\n\n\n<p><a href=\"https:\/\/rdvbox.com\/contact.html\">CONTACTEZ-NOUS<\/a><\/p>\n\n\n\n<figure class=\"wp-block-image\"><img decoding=\"async\" src=\"https:\/\/rdvbox.com\/images\/header-img\/foire-au-question-rdvbox.jpg\" alt=\"...\"\/><\/figure>\n\n\n\n<p>T\u00e9l\u00e9secr\u00e9tariat Rdvbox<\/p>\n\n\n\n<h2 class=\"wp-block-heading\">Foire aux questions<\/h2>\n\n\n\n<p>D\u00e9couvrez tout ce que vous devez savoir sur notre T\u00e9l\u00e9secr\u00e9tariat personnalis\u00e9 : les fonctionnalit\u00e9s, les avantages et plus encore.<\/p>\n\n\n\n<h5 class=\"wp-block-heading\"><\/h5>\n\n\n\n<h5 class=\"wp-block-heading\"><\/h5>\n\n\n\n<h5 class=\"wp-block-heading\"><\/h5>\n\n\n\n<h5 class=\"wp-block-heading\"><\/h5>\n\n\n\n<h5 class=\"wp-block-heading\"><\/h5>\n","protected":false},"excerpt":{"rendered":"<p>Vous \u00eates un Professionnel ? D\u00e9couvrez les avantages du T\u00e9l\u00e9secr\u00e9tariat pour vous. Pourquoi le t\u00e9l\u00e9secr\u00e9tariat ? Le t\u00e9l\u00e9secr\u00e9tariat est un service qui pr\u00e9sente de nombreux avantages pour les professionnels de tous les domaines d&rsquo;activit\u00e9. Que vous soyez m\u00e9decin, avocat, entrepreneur,consultant ou artiste, le t\u00e9l\u00e9secr\u00e9tariat peut am\u00e9liorer consid\u00e9rablement votre efficacit\u00e9 et votre succ\u00e8s professionnel. Les avantages&hellip;<\/p>\n","protected":false},"author":1,"featured_media":0,"parent":0,"menu_order":0,"comment_status":"closed","ping_status":"closed","template":"","meta":{"footnotes":""},"class_list":["post-146","page","type-page","status-publish","hentry"],"_links":{"self":[{"href":"https:\/\/www.rdvbox.net\/index.php?rest_route=\/wp\/v2\/pages\/146","targetHints":{"allow":["GET"]}}],"collection":[{"href":"https:\/\/www.rdvbox.net\/index.php?rest_route=\/wp\/v2\/pages"}],"about":[{"href":"https:\/\/www.rdvbox.net\/index.php?rest_route=\/wp\/v2\/types\/page"}],"author":[{"embeddable":true,"href":"https:\/\/www.rdvbox.net\/index.php?rest_route=\/wp\/v2\/users\/1"}],"replies":[{"embeddable":true,"href":"https:\/\/www.rdvbox.net\/index.php?rest_route=%2Fwp%2Fv2%2Fcomments&post=146"}],"version-history":[{"count":1,"href":"https:\/\/www.rdvbox.net\/index.php?rest_route=\/wp\/v2\/pages\/146\/revisions"}],"predecessor-version":[{"id":147,"href":"https:\/\/www.rdvbox.net\/index.php?rest_route=\/wp\/v2\/pages\/146\/revisions\/147"}],"wp:attachment":[{"href":"https:\/\/www.rdvbox.net\/index.php?rest_route=%2Fwp%2Fv2%2Fmedia&parent=146"}],"curies":[{"name":"wp","href":"https:\/\/api.w.org\/{rel}","templated":true}]}}